{"id":14,"date":"2021-09-17T11:44:28","date_gmt":"2021-09-17T15:44:28","guid":{"rendered":"https:\/\/transformequebec.ca.reclaim.cloud\/?page_id=14"},"modified":"2026-01-29T10:30:55","modified_gmt":"2026-01-29T15:30:55","slug":"team","status":"publish","type":"page","link":"https:\/\/transformequebec.com\/en\/team\/","title":{"rendered":"Team"},"content":{"rendered":"\n\n\t<p>Transforme Qu\u00e9bec is a non-profit organization rooted in Christian values, seeking to inspire individuals and organizations across Quebec to work together for the common good in every sector of society.<\/p>\n<h1>\n\t\t\tOur board\t<\/h1>\n\t<p>Here are our Transform Quebec board members and our leadership team.<\/p>\n<style data-name=\"tangible-template-inline-style\">\n@media screen and (min-width: 1025px) {\n  .fl-node- .grid-lg-col-4 {\n    grid-template-columns: 1fr 1fr 1fr;\n  }\n}\n@media screen and (min-width: 1400px) {\n  .fl-node- .grid-lg-col-4 {\n    grid-template-columns: 1fr 1fr 1fr 1fr;\n  }\n}\n<\/style>\n      <style data-name=\"tangible-template-inline-style\">\n.tt-wrapper {\n  display: -ms-grid;\n  display: grid;\n  grid-template-columns: repeat(auto-fit, minmax(270px, 1fr));\n  grid-gap: 2em;\n  grid-auto-rows: minmax(300px, auto);\n  max-width: 1300px;\n}\n.tt-wrapper .tt-photo-container {\n  background: linear-gradient(to bottom, rgba(91, 195, 201, .2) 0%, rgba(83, 145, 148, .2) 100%);\n  height: 250px;\n  position: relative;\n  display: -ms-flexbox;\n  display: -webkit-flex;\n  display: flex;\n  -ms-flex-line-pack: center;\n  align-content: center;\n  -ms-flex-pack: center;\n  justify-content: center;\n}\n.tt-wrapper .tt-photo-container::before {\n  background: -webkit-gradient(linear, left top, left bottom, color-stop(0%, rgba(91, 195, 201, .2)), color-stop(100%, rgba(83, 145, 148, .2)));\n  content: \"\";\n  display: block;\n  height: 250px;\n  width: 100%;\n  position: absolute;\n  border-bottom: 1px solid;\n  border-color: var(--global-palette7);\n}\n.tt-wrapper .tt-photo-container::after {\n  background: linear-gradient(to bottom, rgba(91, 195, 201, .2) 0%, rgba(83, 145, 148, .2) 100%);\n  content: \"\";\n  display: block;\n  height: 135px;\n  width: 100%;\n  position: absolute;\n  border-bottom: 1px solid;\n  border-color: var(--global-palette8);\n}\n.tt-wrapper .tt-photo-container .tt-photo-decoration {\n  overflow: visible;\n  height: 200px;\n  width: 200px;\n  position: absolute;\n  display: inline-block;\n  top: 35px;\n  z-index: 2;\n}\n.tt-wrapper .tt-photo-container .tt-photo-decoration::before {\n  content: \"\";\n  position: absolute;\n  top: -5px;\n  left: -5px;\n  right: -5px;\n  bottom: -5px;\n  display: block;\n  border: 1px solid;\n  border-color: var(--global-palette3);\n  -ms-transform: rotate(45deg);\n  -webkit-transform: rotate(45deg);\n  transform: rotate(45deg);\n}\n.tt-wrapper .tt-photo-container .tt-photo-decoration::after {\n  content: \"\";\n  position: absolute;\n  top: -10px;\n  left: -10px;\n  right: -10px;\n  bottom: -10px;\n  display: block;\n  border: 1px solid;\n  border-color: var(--global-palette7);\n  -ms-transform: rotate(45deg);\n  -webkit-transform: rotate(45deg);\n  transform: rotate(45deg);\n}\n.tt-wrapper .tt-photo-container .tt-photo-diamond {\n  position: absolute;\n  width: 200px;\n  height: 200px;\n  -ms-transform: rotate(-45deg);\n  -webkit-transform: rotate(-45deg);\n  transform: rotate(-45deg);\n  overflow: hidden;\n  background-color: var(--global-palette8);\n}\n.tt-wrapper .tt-photo-container img {\n  position: absolute;\n  object-fit: cover;\n  height: 300px;\n  float: left;\n  top: 30px;\n  margin: -39px;\n  -ms-transform: rotate(45deg);\n  -webkit-transform: rotate(45deg);\n  transform: rotate(45deg);\n}\n.tt-wrapper > div {\n  border: .5px solid;\n  border-color: var(--global-palette7);\n  box-shadow: 0 1px 5px #000;\n}\n.tt-wrapper .tt-members-profile {\n  position: relative;\n  background-color: var(--global-palette9);\n  margin-top: 3rem;\n}\n.tt-wrapper .tt-members-title {\n  display: -ms-flexbox;\n  display: -webkit-flex;\n  display: flex;\n  -ms-flex-pack: center;\n  justify-content: center;\n  padding-bottom: 1rem;\n  padding-top: 1rem;\n}\n.tt-wrapper .tt-members-position {\n  display: -ms-flexbox;\n  display: -webkit-flex;\n  display: flex;\n  -ms-flex-pack: center;\n  justify-content: center;\n  text-align: center;\n  font-size: .7rem;\n  font-weight: 700;\n}\n.tt-wrapper .tt-members-description {\n  display: -ms-flexbox;\n  display: -webkit-flex;\n  display: flex;\n  -ms-flex-pack: center;\n  justify-content: center;\n  text-align: center;\n  font-size: .6rem;\n  padding: 1em;\n}\n@media (max-width: 768px) {\n  .tt-wrapper {\n    grid-gap: 3em;\n  }\n  .tt-wrapper .tt-photo-container .tt-photo-decoration::before {\n    top: -7.5px;\n    left: -7.5px;\n    right: -7.5px;\n    bottom: -7.5px;\n  }\n  .tt-wrapper .tt-photo-container .tt-photo-decoration::after {\n    top: -15px;\n    left: -15px;\n    right: -15px;\n    bottom: -15px;\n  }\n}\n<\/style>\n            <img decoding=\"async\" src=\"https:\/\/transformequebec.com\/wp-content\/uploads\/2022\/08\/Marc-500.png\" \/>\n      Marc Pilon\n <!--      <if field=position exists>\n        <field position><\/field>\n      <\/if> -->\n          Marc Pilon worked as a graphic designer for six years in the sports and entertainment industries before being called to pastoral ministry. Marc and his wife Marie-H\u00e9l\u00e8ne founded the Axe21 church in Sherbrooke, helped plant the Axe21 church in Magog, and have helped plant several other churches across Quebec. They currently live in Sherbrooke with their three children, where they still serve within the Axe21 church. Marc is also the Director of Development for LeaderImpact in Quebec, and is the Founder and Chief Executive Officer at Transform Quebec.\n            <img decoding=\"async\" src=\"https:\/\/transformequebec.com\/wp-content\/uploads\/2025\/05\/Paula-Maurin-e1746127453976.png\" \/>\n      Paula Maurin\n <!--      <if field=position exists>\n        <field position><\/field>\n      <\/if> -->\n          Starting her career in the financial sector, Paula Maurin redirected her path toward law. Since 2021, she has been working at a renowned private law firm in Quebec, where she practices general civil liability and civil litigation.\nHaving become a lawyer in 2023, she uses her legal skills in the service of justice and counsel.\nCommitted to social involvement, she has actively contributed to various non-profit organizations.\n            <img decoding=\"async\" src=\"https:\/\/transformequebec.com\/wp-content\/uploads\/2022\/12\/Annie-500.png\" \/>\n      Annie Carpentier\n <!--      <if field=position exists>\n        <field position><\/field>\n      <\/if> -->\n          Annie began her career as an Account Director for GE Commercial Finance to retailers in the Toronto area. She worked for 22 years at a company specializing in mortgage insurance, where her last role as Vice President of Business Development led her to manage corporate partnerships with several financial institutions in Canada. Annie is now focusing on her philanthropic activities for the benefit of the community and the underprivileged. She is also actively involved in her local church with the music team.\n            <img decoding=\"async\" src=\"https:\/\/transformequebec.com\/wp-content\/uploads\/2021\/09\/team-andy-e1663077864739.png\" \/>\n      Andrew Smits\n <!--      <if field=position exists>\n        <field position><\/field>\n      <\/if> -->\n          Andrew Smits is the Director for Power to Change &#8211; Students. Together with his wife Loni, he was part of the team that initiated the organization&#8217;s work in Montreal in 2003. Today, Power to Change &#8211; Students works with over ten college and university campuses across the province. Power to Change focuses its efforts on two main axes: evangelism and training disciples. Andrew is responsible for keeping the entire team focused on the mission: to change the world by helping students discover Jesus.\n            <img decoding=\"async\" src=\"https:\/\/transformequebec.com\/wp-content\/uploads\/2021\/09\/team-hoa-e1663078084685.png\" \/>\n      Doan Hoa Do\n <!--      <if field=position exists>\n        <field position><\/field>\n      <\/if> -->\n          Doan Hoa Do is a physician and cardiologist at the CHUS university hospital. As an associate professor, he was director of the cardiology teaching unit for students in the Faculty of Medicine at Universit\u00e9 de Sherbrooke from 2008 to 2017. He received the institutional prize for quality teaching at Universit\u00e9 de Sherbrooke in 2015. His concern for the well-being of his students earned him the C\u00e9sar Gal\u00e9ano prize in 2016, when they recommended him on the quality of his teaching. In 2018, he received the certificate of merit from the Canadian Association for Medical Education. He is one of the ambassadors for the Je suis deuxi\u00e8me movement. He helped organize the Quebec editions of the Global Leadership Summit in 2017 and 2018. In collaboration with students of the Faculty of Medicine at Universit\u00e9 de Sherbrooke, World Vision, Axe21 and Transform Quebec, he organized the 6K Run for Water in Sherbrooke in 2019.\n<h1>\n\t\t\tOur staff\t<\/h1>\n\t<p>Here are the members of the Transform Quebec\u00a0 leadership team<\/p>\n<style data-name=\"tangible-template-inline-style\">\n@media screen and (min-width: 1025px) {\n  .fl-node- .grid-lg-col-4 {\n    grid-template-columns: 1fr 1fr 1fr;\n  }\n}\n@media screen and (min-width: 1400px) {\n  .fl-node- .grid-lg-col-4 {\n    grid-template-columns: 1fr 1fr 1fr 1fr;\n  }\n}\n<\/style>\n        <style data-name=\"tangible-template-inline-style\">\n.tt-wrapper {\n  display: -ms-grid;\n  display: grid;\n  grid-template-columns: repeat(auto-fit, minmax(280px, 1fr));\n  grid-gap: 2em;\n  grid-auto-rows: minmax(300px, auto);\n  max-width: 1300px;\n}\nul.grid-cols, ul.tt-loop {\n  list-style-type: none;\n  margin: 0;\n  padding-left: 0;\n}\n.tt-item {\n  margin-bottom: 1rem;\n  border: .5px solid;\n  border-color: var(--global-palette7);\n  box-shadow: 0 1px 5px #000;\n}\n.tt-item .tt-item-wrapper-outer {\n  width: 100%;\n}\n.tt-item .tt-item-wrapper, .tt-item .tt-item-wrapper > .tt-item-link {\n  display: -ms-flexbox;\n  display: -webkit-flex;\n  display: flex;\n  -ms-flex-direction: column;\n  flex-direction: column;\n  -ms-flex-align: center;\n  align-items: center;\n  height: 100%;\n}\n.tt-item .tt-item-wrapper > .tt-item-link {\n  width: 100%;\n}\n.tt-item .tt-item-wrapper.tt-item-link:hover .button-primary, .tt-item .tt-item-wrapper > .tt-item-link:hover .button-primary, .tt-item .tt-item-wrapper.tt-item-link:focus .button-primary, .tt-item .tt-item-wrapper > .tt-item-link:focus .button-primary {\n  background-color: var(--palette-primary-dark);\n}\n.tt-item .tt-item-wrapper.tt-item-link:hover .button-secondary, .tt-item .tt-item-wrapper > .tt-item-link:hover .button-secondary, .tt-item .tt-item-wrapper.tt-item-link:focus .button-secondary, .tt-item .tt-item-wrapper > .tt-item-link:focus .button-secondary {\n  background-color: var(--palette-secondary-dark);\n}\n.tt-item .tt-item-wrapper.tt-item-link:hover .button-outline, .tt-item .tt-item-wrapper > .tt-item-link:hover .button-outline, .tt-item .tt-item-wrapper.tt-item-link:focus .button-outline, .tt-item .tt-item-wrapper > .tt-item-link:focus .button-outline {\n  background-color: var(--palette-gray-darkest);\n  color: #fff;\n}\n.tt-item.tt-item-has-footer .tt-item-wrapper {\n  padding: 0 1em;\n  -ms-flex-direction: column;\n  flex-direction: column;\n}\n.tt-item .tt-item-content {\n  display: -ms-flexbox;\n  display: -webkit-flex;\n  display: flex;\n  -ms-flex-direction: column;\n  flex-direction: column;\n  width: 100%;\n  padding: 1rem;\n  text-align: center;\n}\n.tt-item .tt-item-wrapper > .tt-item-footer {\n  margin-top: auto;\n}\n.tt-item .tt-item-wrapper > .tt-item-header, .tt-item .tt-item-wrapper > .tt-item-footer {\n  -ms-flex: 0 1 auto;\n  flex: 0 1 auto;\n  width: 100%;\n  display: -ms-flexbox;\n  display: -webkit-flex;\n  display: flex;\n  -ms-flex-wrap: wrap;\n  flex-wrap: wrap;\n}\n.tt-item .tt-item-wrapper > .tt-item-header > *:not(:first-child):not(.mr-auto):not(.ml-auto), .tt-item .tt-item-wrapper > .tt-item-footer > *:not(:first-child):not(.mr-auto):not(.ml-auto) {\n  margin-left: .25rem;\n}\n.tt-item .tt-item-wrapper > .tt-item-header > *:not(:last-child):not(.mr-auto):not(.ml-auto), .tt-item .tt-item-wrapper > .tt-item-footer > *:not(:last-child):not(.mr-auto):not(.ml-auto) {\n  margin-right: .25rem;\n}\n.tt-item .tt-item-wrapper > .tt-item-header .tt-item-link, .tt-item .tt-item-wrapper > .tt-item-footer .tt-item-link {\n  color: var(--palette-gray-darkest);\n  text-decoration: none;\n}\n.tt-item .tt-item-wrapper > .tt-item-header .tt-item-link:hover, .tt-item .tt-item-wrapper > .tt-item-footer .tt-item-link:hover, .tt-item .tt-item-wrapper > .tt-item-header .tt-item-link:focus, .tt-item .tt-item-wrapper > .tt-item-footer .tt-item-link:focus {\n  color: var(--palette-primary-dark);\n}\n.tt-item.resource .tt-item-wrapper > .tt-item-footer {\n  width: calc(100% - 7.25rem);\n  margin-left: 7.25rem;\n  -ms-flex-pack: end;\n  justify-content: flex-end;\n}\n.tt-item-stacked .tt-item-wrapper, .tt-item-stacked .tt-item-wrapper > .tt-item-link {\n  -ms-flex-direction: column;\n  flex-direction: column;\n}\n.tt-item-inline .tt-item-wrapper, .tt-item-inline .tt-item-wrapper > .tt-item-link {\n  -ms-flex-direction: row;\n  flex-direction: row;\n}\n.tt-item-inline .tt-item-content {\n  width: 100%;\n  -ms-flex: 1 1 auto;\n  flex: 1 1 auto;\n}\n.tt-item-inline .tt-item-wrapper > .tt-item-header {\n  -ms-flex: 1 1 186px;\n  flex: 1 1 186px;\n  min-width: max-content;\n  -ms-flex-item-align: stretch;\n  align-self: stretch;\n}\n@media (max-width: 767px) {\n  .tt-item-inline:not(.tt-item-has-footer) .tt-item-image-circle + .tt-item-content {\n    text-align: center;\n    margin-top: 1rem;\n  }\n  .tt-item.tt-item-has-footer > .tt-item-wrapper > .tt-item-link {\n    -ms-flex-direction: row;\n    flex-direction: row;\n  }\n}\n.tt-item-image-circle {\n  display: -ms-inline-flexbox;\n  display: -webkit-inline-flex;\n  display: inline-flex;\n  -ms-flex-negative: 0;\n  flex-shrink: 0;\n  -ms-flex-positive: 0;\n  flex-grow: 0;\n  background-color: var(--palette-primary-light);\n  -ms-flex-item-align: center;\n  align-self: center;\n  -ms-flex-pack: center;\n  justify-content: center;\n  -ms-flex-align: center;\n  align-items: center;\n  border-radius: 9999px;\n  position: relative;\n  width: 4em;\n  height: 4em;\n}\n.tt-item-image-circle img {\n  width: 100%;\n  height: 100%;\n  border-radius: 9999px;\n  object-fit: cover;\n}\n.tt-item-image-circle .tt-item-image-badge {\n  position: absolute;\n  bottom: 0;\n  -ms-transform: translatey(50%);\n  -webkit-transform: translatey(50%);\n  transform: translatey(50%);\n}\n.tt-item-image-circle .tt-item-image-badge [class^=\"icon-\"] {\n  font-size: .9rem;\n}\n.tt-item-image-panel {\n  height: 0;\n  overflow: hidden;\n  padding-top: 53%;\n  width: 100%;\n  position: relative;\n  background: linear-gradient(to bottom, rgba(91, 195, 201, .2) 0%, rgba(83, 145, 148, .2) 100%);\n}\n.tt-item-image-panel img {\n  position: absolute;\n  top: 0;\n  left: 0;\n  right: 0;\n  height: 100%;\n  width: 100%;\n  object-fit: contain;\n  object-position: center;\n  -ms-transform: scale(1.05);\n  -webkit-transform: scale(1.05);\n  transform: scale(1.05);\n  will-change: -ms-transform;\n  will-change: -webkit-transform;\n  will-change: transform;\n  -webkit-transition: .4s ease-in-out !important;\n  transition: .4s ease-in-out !important;\n  padding: 5px;\n}\n.tt-item-image:not(.tt-item-image-panel):not(.tt-item-image-circle):not(.avatar) {\n  background-color: var(--palette-primary-lighter);\n  border-radius: 4px;\n  overflow: hidden;\n}\n.tt-item-image:not(.tt-item-image-panel):not(.tt-item-image-circle):not(.avatar) img {\n  width: 100%;\n  height: 100%;\n  object-fit: cover;\n}\n@media (min-width: 768px) {\n  .tt-item-image-lg {\n    -ms-flex: 0 1 304px;\n    flex: 0 1 304px;\n    max-width: 50%;\n  }\n  .tt-item-image-md {\n    -ms-flex: 0 1 240px;\n    flex: 0 1 240px;\n    max-width: 50%;\n  }\n}\n.tt-item-wrapper.card .tt-item-image-panel {\n  border-top-left-radius: 3px;\n  border-top-right-radius: 3px;\n}\n.tt-item-link.tt-item-wrapper:hover .tt-item-image-panel img, .tt-item-link.tt-item-wrapper:focus .tt-item-image-panel img {\n  -ms-transform: scale(1);\n  -webkit-transform: scale(1);\n  transform: scale(1);\n}\n.tt-item-link {\n  text-decoration: none;\n}\n.tt-item-title {\n  font-weight: bold;\n  font-family: var(--global-heading-font-family);\n  color: var(--wp--preset--color--theme-palette-4);\n  line-height: 1.2;\n  margin-bottom: .5em;\n}\n.tt-item-description {\n  color: var(--wp--preset--color--theme-palette-5);\n}\n.tt-wrapper .tt-item-content {\n  position: relative;\n  background-color: var(--global-palette9);\n  padding-top: 2rem;\n  border-top: .5px solid;\n  border-color: var(--global-palette7);\n}\n.tt-wrapper .tt-members-title {\n  display: -ms-flexbox;\n  display: -webkit-flex;\n  display: flex;\n  -ms-flex-pack: center;\n  justify-content: center;\n  padding-bottom: 1rem;\n  padding-top: 1rem;\n}\n.tt-wrapper .tt-members-position {\n  display: -ms-flexbox;\n  display: -webkit-flex;\n  display: flex;\n  -ms-flex-pack: center;\n  justify-content: center;\n  text-align: center;\n  font-size: .7rem;\n  font-weight: 700;\n}\n.tt-wrapper .tt-members-description {\n  display: -ms-flexbox;\n  display: -webkit-flex;\n  display: flex;\n  -ms-flex-pack: center;\n  justify-content: center;\n  text-align: center;\n  font-size: .6rem;\n  padding: 1em;\n}\n.tt-wrapper .tt-item-image-panel::before {\n  background: -webkit-gradient(linear, left top, left bottom, color-stop(0%, rgba(91, 195, 201, .2)), color-stop(100%, rgba(83, 145, 148, .2)));\n  content: \"\";\n  display: block;\n  height: 250px;\n  width: 100%;\n  position: absolute;\n  border-bottom: 1px solid;\n  border-color: var(--global-palette7);\n}\n.tt-wrapper .tt-item-image-panel::after {\n  background: linear-gradient(to bottom, rgba(91, 195, 201, .2) 0%, rgba(83, 145, 148, .2) 100%);\n  content: \"\";\n  display: block;\n  height: 135px;\n  width: 100%;\n  position: absolute;\n  border-bottom: 1px solid;\n  border-color: var(--global-palette8);\n}\nspan.tt-members-title {\n  font-size: 1.2rem;\n}\n.tt-wrapper .tt-members-position {\n  font-size: .8rem;\n}\n.tt-wrapper .tt-members-description {\n  font-size: .7rem;\n  padding-bottom: 35px;\n}\n.tt-wrapper .tt-members-title {\n  display: -ms-flexbox;\n  display: -webkit-flex;\n  display: flex;\n  -ms-flex-pack: center;\n  justify-content: center;\n  padding-bottom: .25rem;\n  padding-top: .5rem;\n}\n<\/style>\n      <img decoding=\"async\" src=\"https:\/\/transformequebec.com\/wp-content\/uploads\/2022\/08\/Marc-500.png\" \/>\n        <h2>Marc Pilon<\/h2>\n        Founder &#038; Visionary\n      <img decoding=\"async\" src=\"https:\/\/transformequebec.com\/wp-content\/uploads\/2022\/08\/Jason-500.png\" \/>\n        <h2>Jason Goudy<\/h2>\n        Director of Integration\n      <img decoding=\"async\" src=\"https:\/\/transformequebec.com\/wp-content\/uploads\/2022\/08\/Melanie-500.png\" \/>\n        <h2>M\u00e9lanie G\u00e9linas<\/h2>\n        Director of AVAD Movement\n\n","protected":false},"excerpt":{"rendered":"<p>Transforme Qu\u00e9bec is a non-profit organization rooted in Christian values, seeking to inspire individuals and organizations across Quebec to work together for the common good in every sector of society&#8230;.<\/p>\n","protected":false},"author":7,"featured_media":0,"parent":0,"menu_order":0,"comment_status":"closed","ping_status":"closed","template":"","meta":{"_acf_changed":false,"_kad_post_transparent":"","_kad_post_title":"","_kad_post_layout":"fullwidth","_kad_post_sidebar_id":"","_kad_post_content_style":"","_kad_post_vertical_padding":"show","_kad_post_feature":"","_kad_post_feature_position":"","_kad_post_header":false,"_kad_post_footer":false,"footnotes":""},"class_list":["post-14","page","type-page","status-publish","hentry"],"acf":[],"_links":{"self":[{"href":"https:\/\/transformequebec.com\/en\/wp-json\/wp\/v2\/pages\/14","targetHints":{"allow":["GET"]}}],"collection":[{"href":"https:\/\/transformequebec.com\/en\/wp-json\/wp\/v2\/pages"}],"about":[{"href":"https:\/\/transformequebec.com\/en\/wp-json\/wp\/v2\/types\/page"}],"author":[{"embeddable":true,"href":"https:\/\/transformequebec.com\/en\/wp-json\/wp\/v2\/users\/7"}],"replies":[{"embeddable":true,"href":"https:\/\/transformequebec.com\/en\/wp-json\/wp\/v2\/comments?post=14"}],"version-history":[{"count":0,"href":"https:\/\/transformequebec.com\/en\/wp-json\/wp\/v2\/pages\/14\/revisions"}],"wp:attachment":[{"href":"https:\/\/transformequebec.com\/en\/wp-json\/wp\/v2\/media?parent=14"}],"curies":[{"name":"wp","href":"https:\/\/api.w.org\/{rel}","templated":true}]}}